{"id":235,"date":"2025-03-24T17:02:36","date_gmt":"2025-03-24T17:02:36","guid":{"rendered":"https:\/\/www.multiconnect.ch\/235-2\/"},"modified":"2025-04-05T17:24:02","modified_gmt":"2025-04-05T17:24:02","slug":"235-2","status":"publish","type":"page","link":"https:\/\/www.multiconnect.ch\/es\/","title":{"rendered":"Inicio"},"content":{"rendered":"<h2 class=\"wp-block-heading\">Bienvenido a MultiConnect<\/h2><p><strong>Tu puerta de entrada a una integraci\u00f3n f\u00e1cil en Suiza.<\/strong><\/p><p>MultiConnect es una plataforma dise\u00f1ada para personas procedentes del extranjero, con un sencillo objetivo: <strong>hacerte la vida m\u00e1s f\u00e1cil<\/strong>.<br>Tanto si necesitas que te echen una mano para redactar un CV, traducir un documento o encontrar productos locales, estamos aqu\u00ed para ayudarte.<\/p><div class=\"wp-block-buttons is-content-justification-center is-layout-flex wp-container-core-buttons-is-layout-a89b3969 wp-block-buttons-is-layout-flex\"><div class=\"wp-block-button\"><a class=\"wp-block-button__link wp-element-button\">Nuestros Servicios<\/a><\/div>\n\n<div class=\"wp-block-button\"><a class=\"wp-block-button__link wp-element-button\" href=\"https:\/\/www.multiconnect.ch\/es\/tienda\/\">MultiConnect Mercado<\/a><\/div><\/div><hr class=\"wp-block-separator has-alpha-channel-opacity\"\/><h3 class=\"wp-block-heading\">\ud83d\udee0\ufe0f Nuestros servicios<\/h3><ul class=\"wp-block-list\"><li><strong>CV y empleo<\/strong>: crear, traducir o corregir CVs<\/li>\n\n<li><strong>Traducciones administrativas<\/strong>: documentos oficiales, cartas, etc.<\/li>\n\n<li><strong>Apoyo con los tr\u00e1mites<\/strong>: ayuda con las solicitudes de vivienda, seguros, etc.<\/li>\n\n<li><strong>Asistencia fiscal y jur\u00eddica<\/strong>: con socios de confianza<\/li>\n\n<li><strong>Y m\u00e1s por venir&#8230;<\/strong><\/li><\/ul><hr class=\"wp-block-separator has-alpha-channel-opacity\"\/><h3 class=\"wp-block-heading\">\ud83d\uded2 Mercado Multiconexi\u00f3n<\/h3><p><strong>Nuestra tienda de alimentaci\u00f3n internacional<\/strong>, donde encontrar\u00e1s productos de tu pa\u00eds de origen: arroz<br>, salsas, especias, aperitivos, conservas&#8230; todo lo que te gusta, a un solo clic.<\/p><p>Se puede entregar o recoger en tu sucursal.<\/p><hr class=\"wp-block-separator has-alpha-channel-opacity\"\/><h3 class=\"wp-block-heading\">\u00bfPor qu\u00e9 elegir MultiConnect?<\/h3><ul class=\"wp-block-list\"><li>Servicio multiling\u00fce: <strong>franc\u00e9s, ingl\u00e9s, espa\u00f1ol, portugu\u00e9s<\/strong><\/li>\n\n<li>Servicios asequibles<\/li>\n\n<li>Un equipo que escucha, con experiencia real sobre el terreno<\/li>\n\n<li>Un proyecto familiar con valores humanos<\/li><\/ul><hr class=\"wp-block-separator has-alpha-channel-opacity\"\/><h3 class=\"wp-block-heading\">\ud83d\ude80 Empieza ahora<\/h3><p>Navega por nuestros servicios o visita nuestra tienda!<br><strong>MultiConnect<\/strong> es m\u00e1s que una plataforma: es apoyo.<\/p><p><\/p>","protected":false},"excerpt":{"rendered":"<p>Bienvenido a MultiConnect Tu puerta de entrada a una integraci\u00f3n f\u00e1cil en Suiza. MultiConnect es una plataforma dise\u00f1ada para personas procedentes del extranjero, con un sencillo objetivo: hacerte la vida m\u00e1s f\u00e1cil.Tanto si necesitas que te echen una mano para redactar un CV, traducir un documento o encontrar productos locales, estamos aqu\u00ed para ayudarte. \ud83d\udee0\ufe0f [&hellip;]<\/p>\n","protected":false},"author":1,"featured_media":0,"parent":0,"menu_order":0,"comment_status":"closed","ping_status":"closed","template":"","meta":{"footnotes":""},"class_list":["post-235","page","type-page","status-publish","hentry"],"_links":{"self":[{"href":"https:\/\/www.multiconnect.ch\/es\/wp-json\/wp\/v2\/pages\/235","targetHints":{"allow":["GET"]}}],"collection":[{"href":"https:\/\/www.multiconnect.ch\/es\/wp-json\/wp\/v2\/pages"}],"about":[{"href":"https:\/\/www.multiconnect.ch\/es\/wp-json\/wp\/v2\/types\/page"}],"author":[{"embeddable":true,"href":"https:\/\/www.multiconnect.ch\/es\/wp-json\/wp\/v2\/users\/1"}],"replies":[{"embeddable":true,"href":"https:\/\/www.multiconnect.ch\/es\/wp-json\/wp\/v2\/comments?post=235"}],"version-history":[{"count":7,"href":"https:\/\/www.multiconnect.ch\/es\/wp-json\/wp\/v2\/pages\/235\/revisions"}],"predecessor-version":[{"id":302,"href":"https:\/\/www.multiconnect.ch\/es\/wp-json\/wp\/v2\/pages\/235\/revisions\/302"}],"wp:attachment":[{"href":"https:\/\/www.multiconnect.ch\/es\/wp-json\/wp\/v2\/media?parent=235"}],"curies":[{"name":"wp","href":"https:\/\/api.w.org\/{rel}","templated":true}]}}