{"id":241,"date":"2025-03-24T17:06:09","date_gmt":"2025-03-24T17:06:09","guid":{"rendered":"https:\/\/www.multiconnect.ch\/contacto\/"},"modified":"2025-03-27T17:57:41","modified_gmt":"2025-03-27T17:57:41","slug":"contacto","status":"publish","type":"page","link":"https:\/\/www.multiconnect.ch\/es\/contacto\/","title":{"rendered":"Contacto"},"content":{"rendered":"<h2 class=\"wp-block-heading\">Cont\u00e1ctanos<\/h2><p><strong>\u00bfTienes alguna pregunta? \u00bfUna necesidad concreta? Estamos aqu\u00ed para ayudarte.  <\/strong><\/p><hr class=\"wp-block-separator has-alpha-channel-opacity\"\/><h3 class=\"wp-block-heading\">\ud83d\udcde Tel\u00e9fono<\/h3><p><strong>076 585 97 90<\/strong><\/p><hr class=\"wp-block-separator has-alpha-channel-opacity\"\/><h3 class=\"wp-block-heading\">\ud83d\udce7 Env\u00eda un correo electr\u00f3nico a<\/h3><p><strong><a>contact@multiconnect.ch<\/a><\/strong><\/p><hr class=\"wp-block-separator has-alpha-channel-opacity\"\/><h3 class=\"wp-block-heading\">\ud83d\udd50 Horario<\/h3><p>Lunes &#8211; Viernes: 09.00 &#8211; 18.00<br\/>S\u00e1bado: 10.00 &#8211; 17.00<br\/>Domingo: cerrado<\/p><hr class=\"wp-block-separator has-alpha-channel-opacity\"\/><h3 class=\"wp-block-heading\">\ud83d\udcec Formulario de contacto en l\u00ednea<\/h3><p><em>(pr\u00f3ximamente en esta p\u00e1gina &#8211; en construcci\u00f3n)<\/em><br\/>Mientras tanto, puedes escribirnos directamente por correo electr\u00f3nico.<\/p><hr class=\"wp-block-separator has-alpha-channel-opacity\"\/><h3 class=\"wp-block-heading\">\ud83c\udf10 S\u00edguenos en<\/h3><p>Instagram \/ WhatsApp \/ Facebook <em>(enlaces pr\u00f3ximamente)<\/em><\/p><hr class=\"wp-block-separator has-alpha-channel-opacity\"\/><p>Puedes contactar con nosotros en <strong>ingl\u00e9s, franc\u00e9s, espa\u00f1ol y portugu\u00e9s<\/strong>.<br\/><strong>\u00a1No dudes en escribirnos en tu propio idioma!<\/strong><\/p><p><\/p>","protected":false},"excerpt":{"rendered":"<p>Cont\u00e1ctanos \u00bfTienes alguna pregunta? \u00bfUna necesidad concreta? Estamos aqu\u00ed para ayudarte. \ud83d\udcde Tel\u00e9fono 076 585 97 90 \ud83d\udce7 Env\u00eda un correo electr\u00f3nico a contact@multiconnect.ch \ud83d\udd50 Horario Lunes &#8211; Viernes: 09.00 &#8211; 18.00S\u00e1bado: 10.00 &#8211; 17.00Domingo: cerrado \ud83d\udcec Formulario de contacto en l\u00ednea (pr\u00f3ximamente en esta p\u00e1gina &#8211; en construcci\u00f3n)Mientras tanto, puedes escribirnos directamente por correo [&hellip;]<\/p>\n","protected":false},"author":1,"featured_media":0,"parent":0,"menu_order":0,"comment_status":"closed","ping_status":"closed","template":"","meta":{"footnotes":""},"class_list":["post-241","page","type-page","status-publish","hentry"],"_links":{"self":[{"href":"https:\/\/www.multiconnect.ch\/es\/wp-json\/wp\/v2\/pages\/241","targetHints":{"allow":["GET"]}}],"collection":[{"href":"https:\/\/www.multiconnect.ch\/es\/wp-json\/wp\/v2\/pages"}],"about":[{"href":"https:\/\/www.multiconnect.ch\/es\/wp-json\/wp\/v2\/types\/page"}],"author":[{"embeddable":true,"href":"https:\/\/www.multiconnect.ch\/es\/wp-json\/wp\/v2\/users\/1"}],"replies":[{"embeddable":true,"href":"https:\/\/www.multiconnect.ch\/es\/wp-json\/wp\/v2\/comments?post=241"}],"version-history":[{"count":1,"href":"https:\/\/www.multiconnect.ch\/es\/wp-json\/wp\/v2\/pages\/241\/revisions"}],"predecessor-version":[{"id":242,"href":"https:\/\/www.multiconnect.ch\/es\/wp-json\/wp\/v2\/pages\/241\/revisions\/242"}],"wp:attachment":[{"href":"https:\/\/www.multiconnect.ch\/es\/wp-json\/wp\/v2\/media?parent=241"}],"curies":[{"name":"wp","href":"https:\/\/api.w.org\/{rel}","templated":true}]}}