{"id":243,"date":"2025-03-24T17:04:39","date_gmt":"2025-03-24T17:04:39","guid":{"rendered":"https:\/\/www.multiconnect.ch\/tienda-de-comestibles\/"},"modified":"2025-03-27T17:58:37","modified_gmt":"2025-03-27T17:58:37","slug":"tienda-de-comestibles","status":"publish","type":"page","link":"https:\/\/www.multiconnect.ch\/es\/tienda-de-comestibles\/","title":{"rendered":"Tienda de comestibles"},"content":{"rendered":"<h2 class=\"wp-block-heading\">Mercado MultiConnect<\/h2><p><strong>La tienda de comestibles internacional para ti.<\/strong><\/p><p>Nuestra tienda online te permite encargar productos alimentarios de tu pa\u00eds de origen.<br\/>Seleccionamos productos secos, conservas, aperitivos y especialidades t\u00edpicas que no se encuentran f\u00e1cilmente en Suiza.<\/p><p><a href=\"\/boutique\" class=\"bouton-multiconnect\">MultiConnect Market<\/a><\/p>\n<style>.bouton-multiconnect {\n  display: inline-block;\n  margin-top: 10px;\n  padding: 12px 24px;\n  background-color: #4CAF50;\n  color: white;\n  text-decoration: none;\n  border-radius: 5px;\n  font-weight: bold;\n  transition: background-color 0.3s ease;\n}\n.bouton-multiconnect:hover {\n  background-color: #3e8e41;\n}\n<\/style><hr class=\"wp-block-separator has-alpha-channel-opacity\"\/><h3 class=\"wp-block-heading\">\ud83c\udf0e Productos en oferta (sujetos a disponibilidad)<\/h3><ul class=\"wp-block-list\"><li>Arroz y fideos asi\u00e1ticos<\/li>\n\n<li>Condimentos peruanos, colombianos y brasile\u00f1os&#8230;<\/li>\n\n<li>Conservas africanas (pescado, especias, salsas)<\/li>\n\n<li>Aperitivos t\u00edpicos: pl\u00e1tanos, mandioca, galletas, dulces<\/li>\n\n<li>Salsas picantes, leche condensada, caf\u00e9, t\u00e9, cereales del mundo<\/li><\/ul><hr class=\"wp-block-separator has-alpha-channel-opacity\"\/><h3 class=\"wp-block-heading\">\ud83d\ude9a Entrega y recogida<\/h3><ul class=\"wp-block-list\"><li>Entrega disponible en toda Suiza<\/li>\n\n<li>Recogida gratuita en las sucursales asociadas<\/li>\n\n<li>Los gastos de env\u00edo se muestran al pagar<\/li>\n\n<li>Pago seguro en l\u00ednea o in situ<\/li><\/ul><hr class=\"wp-block-separator has-alpha-channel-opacity\"\/><h3 class=\"wp-block-heading\">\ud83d\udca1 \u00bfNecesitas un producto concreto?<\/h3><p>Puedes enviarnos una <strong>petici\u00f3n especial<\/strong> a trav\u00e9s de la p\u00e1gina de Contacto.<br\/>Haremos todo lo posible para proporcion\u00e1rtela cuando llegue.<\/p><hr class=\"wp-block-separator has-alpha-channel-opacity\"\/><p><strong>MultiConnect Market<\/strong> es el sabor de casa, llevado a tu puerta.<\/p><p><\/p>","protected":false},"excerpt":{"rendered":"<p>Mercado MultiConnect La tienda de comestibles internacional para ti. Nuestra tienda online te permite encargar productos alimentarios de tu pa\u00eds de origen.Seleccionamos productos secos, conservas, aperitivos y especialidades t\u00edpicas que no se encuentran f\u00e1cilmente en Suiza. MultiConnect Market \ud83c\udf0e Productos en oferta (sujetos a disponibilidad) \ud83d\ude9a Entrega y recogida \ud83d\udca1 \u00bfNecesitas un producto concreto? Puedes [&hellip;]<\/p>\n","protected":false},"author":1,"featured_media":0,"parent":0,"menu_order":0,"comment_status":"closed","ping_status":"closed","template":"","meta":{"footnotes":""},"class_list":["post-243","page","type-page","status-publish","hentry"],"_links":{"self":[{"href":"https:\/\/www.multiconnect.ch\/es\/wp-json\/wp\/v2\/pages\/243","targetHints":{"allow":["GET"]}}],"collection":[{"href":"https:\/\/www.multiconnect.ch\/es\/wp-json\/wp\/v2\/pages"}],"about":[{"href":"https:\/\/www.multiconnect.ch\/es\/wp-json\/wp\/v2\/types\/page"}],"author":[{"embeddable":true,"href":"https:\/\/www.multiconnect.ch\/es\/wp-json\/wp\/v2\/users\/1"}],"replies":[{"embeddable":true,"href":"https:\/\/www.multiconnect.ch\/es\/wp-json\/wp\/v2\/comments?post=243"}],"version-history":[{"count":1,"href":"https:\/\/www.multiconnect.ch\/es\/wp-json\/wp\/v2\/pages\/243\/revisions"}],"predecessor-version":[{"id":244,"href":"https:\/\/www.multiconnect.ch\/es\/wp-json\/wp\/v2\/pages\/243\/revisions\/244"}],"wp:attachment":[{"href":"https:\/\/www.multiconnect.ch\/es\/wp-json\/wp\/v2\/media?parent=243"}],"curies":[{"name":"wp","href":"https:\/\/api.w.org\/{rel}","templated":true}]}}