{"id":245,"date":"2025-03-25T18:50:58","date_gmt":"2025-03-25T18:50:58","guid":{"rendered":"https:\/\/www.multiconnect.ch\/aviso-legal\/"},"modified":"2025-03-27T18:00:05","modified_gmt":"2025-03-27T18:00:05","slug":"aviso-legal","status":"publish","type":"page","link":"https:\/\/www.multiconnect.ch\/es\/aviso-legal\/","title":{"rendered":"Aviso legal"},"content":{"rendered":"<h3 class=\"wp-block-heading\"><strong>Editor del sitio<\/strong><\/h3><p>Este sitio est\u00e1 publicado por:<br\/><strong>MultiConnect &#8211; Anthony Pecorini<\/strong><br\/>Empresa individual<br\/>Chemin David Brolliet 13b<br\/>1213 Onex, Suiza<br\/>Correo electr\u00f3nico: <a class=\"\">contact@multiconnect.ch<\/a><\/p><hr class=\"wp-block-separator has-alpha-channel-opacity\"\/><h3 class=\"wp-block-heading\"><strong>Persona responsable de la publicaci\u00f3n<\/strong><\/h3><p>Anthony Pecorini, en su calidad de representante legal de la empresa individual.<\/p><hr class=\"wp-block-separator has-alpha-channel-opacity\"\/><h3 class=\"wp-block-heading\"><strong>Alojamiento<\/strong><\/h3><p>El sitio est\u00e1 alojado en:<br\/><strong>Infomaniak Network SA<\/strong><br\/>Avenue de la Praille 26<br\/>1227 Carouge &#8211; Suiza<br\/><a class=\"\" href=\"http:\/\/www.infomaniak.com\">www.infomaniak.com<\/a><\/p><hr class=\"wp-block-separator has-alpha-channel-opacity\"\/><h3 class=\"wp-block-heading\"><strong>Propiedad intelectual<\/strong><\/h3><p>Todo el contenido del sitio (texto, im\u00e1genes, logotipos, gr\u00e1ficos, etc.) es propiedad exclusiva de MultiConnect o de sus socios, a menos que se indique lo contrario.<br\/>Queda prohibida toda reproducci\u00f3n o utilizaci\u00f3n no autorizada.<\/p><hr class=\"wp-block-separator has-alpha-channel-opacity\"\/><h3 class=\"wp-block-heading\"><strong>Protecci\u00f3n de datos<\/strong><\/h3><p>Los datos personales recogidos a trav\u00e9s de este sitio se procesan de acuerdo con nuestra <strong>Pol\u00edtica de Privacidad<\/strong>.<\/p><hr class=\"wp-block-separator has-alpha-channel-opacity\"\/><h3 class=\"wp-block-heading\"><strong>Responsabilidad<\/strong><\/h3><p>MultiConnect hace todo lo posible para garantizar la exactitud de la informaci\u00f3n publicada en el sitio, pero no se hace responsable de los errores, omisiones o falta de disponibilidad.<\/p>","protected":false},"excerpt":{"rendered":"<p>Editor del sitio Este sitio est\u00e1 publicado por:MultiConnect &#8211; Anthony PecoriniEmpresa individualChemin David Brolliet 13b1213 Onex, SuizaCorreo electr\u00f3nico: contact@multiconnect.ch Persona responsable de la publicaci\u00f3n Anthony Pecorini, en su calidad de representante legal de la empresa individual. Alojamiento El sitio est\u00e1 alojado en:Infomaniak Network SAAvenue de la Praille 261227 Carouge &#8211; Suizawww.infomaniak.com Propiedad intelectual Todo el [&hellip;]<\/p>\n","protected":false},"author":1,"featured_media":0,"parent":0,"menu_order":0,"comment_status":"closed","ping_status":"closed","template":"","meta":{"footnotes":""},"class_list":["post-245","page","type-page","status-publish","hentry"],"_links":{"self":[{"href":"https:\/\/www.multiconnect.ch\/es\/wp-json\/wp\/v2\/pages\/245","targetHints":{"allow":["GET"]}}],"collection":[{"href":"https:\/\/www.multiconnect.ch\/es\/wp-json\/wp\/v2\/pages"}],"about":[{"href":"https:\/\/www.multiconnect.ch\/es\/wp-json\/wp\/v2\/types\/page"}],"author":[{"embeddable":true,"href":"https:\/\/www.multiconnect.ch\/es\/wp-json\/wp\/v2\/users\/1"}],"replies":[{"embeddable":true,"href":"https:\/\/www.multiconnect.ch\/es\/wp-json\/wp\/v2\/comments?post=245"}],"version-history":[{"count":1,"href":"https:\/\/www.multiconnect.ch\/es\/wp-json\/wp\/v2\/pages\/245\/revisions"}],"predecessor-version":[{"id":246,"href":"https:\/\/www.multiconnect.ch\/es\/wp-json\/wp\/v2\/pages\/245\/revisions\/246"}],"wp:attachment":[{"href":"https:\/\/www.multiconnect.ch\/es\/wp-json\/wp\/v2\/media?parent=245"}],"curies":[{"name":"wp","href":"https:\/\/api.w.org\/{rel}","templated":true}]}}