{"id":250,"date":"2025-03-24T17:05:19","date_gmt":"2025-03-24T17:05:19","guid":{"rendered":"https:\/\/www.multiconnect.ch\/tarifas\/"},"modified":"2025-03-27T18:02:33","modified_gmt":"2025-03-27T18:02:33","slug":"tarifas","status":"publish","type":"page","link":"https:\/\/www.multiconnect.ch\/es\/tarifas\/","title":{"rendered":"Tarifas"},"content":{"rendered":"<h2 class=\"wp-block-heading\">Nuestras tarifas<\/h2><p><strong>Precios claros, asequibles y adaptados a tus necesidades.<\/strong><br\/>En MultiConnect, la transparencia es una prioridad.<\/p><hr class=\"wp-block-separator has-alpha-channel-opacity\"\/><h3 class=\"wp-block-heading\">\u270d\ufe0f CV y empleo<\/h3><ul class=\"wp-block-list\"><li>Creaci\u00f3n de CV: <strong>25,00 CHF<\/strong><\/li>\n\n<li>Correcci\u00f3n CV: <strong>15,00 CHF<\/strong><\/li>\n\n<li>Traducci\u00f3n del CV: <strong>20,00 CHF<\/strong><\/li>\n\n<li>Carta de presentaci\u00f3n: <strong>15,00 CHF<\/strong><\/li>\n\n<li>Paquete CV + carta: <strong>35,00 CHF<\/strong><\/li><\/ul><hr class=\"wp-block-separator has-alpha-channel-opacity\"\/><h3 class=\"wp-block-heading\">\ud83c\udf0d Traducciones<\/h3><ul class=\"wp-block-list\"><li>Documento administrativo simple (1 p\u00e1gina) : <strong>CHF 20,00<\/strong><\/li>\n\n<li>Documentos m\u00e1s complejos o extensos: <strong>por cita<\/strong><\/li>\n\n<li>Traducci\u00f3n urgente (24h): <strong>+ CHF 10.-<\/strong><\/li><\/ul><hr class=\"wp-block-separator has-alpha-channel-opacity\"\/><h3 class=\"wp-block-heading\">\ud83c\udfe0 Ayuda con los procedimientos<\/h3><ul class=\"wp-block-list\"><li>Acompa\u00f1ante para seguro o abono de temporada: <strong>10,00 CHF<\/strong><\/li>\n\n<li>Asesoramiento sobre vivienda (b\u00fasqueda y asesoramiento) : <strong>CHF 20,00<\/strong><\/li>\n\n<li>Ayuda para crear un CV para las solicitudes de HLM: <strong>15,00 CHF<\/strong><\/li><\/ul><hr class=\"wp-block-separator has-alpha-channel-opacity\"\/><h3 class=\"wp-block-heading\">\u2696\ufe0f Fiscal y jur\u00eddico (a trav\u00e9s de socios)<\/h3><ul class=\"wp-block-list\"><li>Orientaci\u00f3n gratuita<\/li>\n\n<li>Presupuesto personalizado en funci\u00f3n de tus necesidades<\/li>\n\n<li>Pago s\u00f3lo tras la aceptaci\u00f3n del presupuesto<\/li><\/ul><hr class=\"wp-block-separator has-alpha-channel-opacity\"\/><h3 class=\"wp-block-heading\">\ud83d\uded2 Alimentaci\u00f3n internacional<\/h3><p>Los precios de los productos var\u00edan en funci\u00f3n de la disponibilidad.<br\/>Consulta nuestra tienda online o ponte en contacto con nosotros para una solicitud espec\u00edfica.<\/p><hr class=\"wp-block-separator has-alpha-channel-opacity\"\/><p><strong>Puedes solicitar un servicio en l\u00ednea o acudir directamente a la sucursal.<\/strong><br\/>\u2192 Pago seguro con tarjeta o en efectivo.<\/p>","protected":false},"excerpt":{"rendered":"<p>Nuestras tarifas Precios claros, asequibles y adaptados a tus necesidades.En MultiConnect, la transparencia es una prioridad. \u270d\ufe0f CV y empleo \ud83c\udf0d Traducciones \ud83c\udfe0 Ayuda con los procedimientos \u2696\ufe0f Fiscal y jur\u00eddico (a trav\u00e9s de socios) \ud83d\uded2 Alimentaci\u00f3n internacional Los precios de los productos var\u00edan en funci\u00f3n de la disponibilidad.Consulta nuestra tienda online o ponte en [&hellip;]<\/p>\n","protected":false},"author":1,"featured_media":0,"parent":0,"menu_order":0,"comment_status":"closed","ping_status":"closed","template":"","meta":{"footnotes":""},"class_list":["post-250","page","type-page","status-publish","hentry"],"_links":{"self":[{"href":"https:\/\/www.multiconnect.ch\/es\/wp-json\/wp\/v2\/pages\/250","targetHints":{"allow":["GET"]}}],"collection":[{"href":"https:\/\/www.multiconnect.ch\/es\/wp-json\/wp\/v2\/pages"}],"about":[{"href":"https:\/\/www.multiconnect.ch\/es\/wp-json\/wp\/v2\/types\/page"}],"author":[{"embeddable":true,"href":"https:\/\/www.multiconnect.ch\/es\/wp-json\/wp\/v2\/users\/1"}],"replies":[{"embeddable":true,"href":"https:\/\/www.multiconnect.ch\/es\/wp-json\/wp\/v2\/comments?post=250"}],"version-history":[{"count":1,"href":"https:\/\/www.multiconnect.ch\/es\/wp-json\/wp\/v2\/pages\/250\/revisions"}],"predecessor-version":[{"id":251,"href":"https:\/\/www.multiconnect.ch\/es\/wp-json\/wp\/v2\/pages\/250\/revisions\/251"}],"wp:attachment":[{"href":"https:\/\/www.multiconnect.ch\/es\/wp-json\/wp\/v2\/media?parent=250"}],"curies":[{"name":"wp","href":"https:\/\/api.w.org\/{rel}","templated":true}]}}