{"id":265,"date":"2025-03-24T17:05:52","date_gmt":"2025-03-24T17:05:52","guid":{"rendered":"https:\/\/www.multiconnect.ch\/sobre-nos\/"},"modified":"2025-03-28T13:04:24","modified_gmt":"2025-03-28T13:04:24","slug":"sobre-nos","status":"publish","type":"page","link":"https:\/\/www.multiconnect.ch\/pt-br\/sobre-nos\/","title":{"rendered":"Sobre n\u00f3s"},"content":{"rendered":"<h2 class=\"wp-block-heading\">Sobre a MultiConnect<\/h2><p><strong>Uma plataforma nascida de uma necessidade real e de uma vis\u00e3o humana.<\/strong><\/p><p>A MultiConnect \u00e9 um projeto independente lan\u00e7ado por um jovem empres\u00e1rio su\u00ed\u00e7o, filho dos fundadores da Money &amp; Com SA.<br\/>Tendo crescido em um ambiente multicultural, entre a Su\u00ed\u00e7a e o Peru, ele percebeu muito cedo os desafios enfrentados por pessoas de outros pa\u00edses para se estabelecerem, se integrarem e progredirem profissionalmente.<\/p><hr class=\"wp-block-separator has-alpha-channel-opacity\"\/><h3 class=\"wp-block-heading\">\ud83c\udf0d Uma miss\u00e3o simples<\/h3><p>Crie uma plataforma acess\u00edvel, multil\u00edngue e \u00fatil para ajudar pessoas de origem migrante a :<\/p><ul class=\"wp-block-list\"><li>Traduzir seus documentos importantes<\/li>\n\n<li>Cria\u00e7\u00e3o de um curr\u00edculo profissional e personalizado<\/li>\n\n<li>Ser orientado nos procedimentos administrativos<\/li>\n\n<li>Encontre produtos aliment\u00edcios locais<\/li><\/ul><hr class=\"wp-block-separator has-alpha-channel-opacity\"\/><h3 class=\"wp-block-heading\">\ud83e\udd1d Uma abordagem humana e transparente<\/h3><p>A MultiConnect trabalha com ag\u00eancias f\u00edsicas parceiras, mas permanece totalmente independente.<br\/>Nosso objetivo n\u00e3o \u00e9 vender a qualquer pre\u00e7o, mas <strong>oferecer ajuda real que seja simples, r\u00e1pida e acess\u00edvel.<\/strong><\/p><p>Acreditamos em :<\/p><ul class=\"wp-block-list\"><li>Proximidade<\/li>\n\n<li>Inclus\u00e3o<\/li>\n\n<li>Efici\u00eancia<\/li>\n\n<li>E confian\u00e7a<\/li><\/ul><hr class=\"wp-block-separator has-alpha-channel-opacity\"\/><h3 class=\"wp-block-heading\">\ud83e\uddf1 Em constante constru\u00e7\u00e3o<\/h3><p>A plataforma est\u00e1 evoluindo gra\u00e7as ao feedback dos usu\u00e1rios.<br\/>Novos servi\u00e7os ser\u00e3o adicionados, e estamos sempre abertos \u00e0s suas ideias.<\/p><hr class=\"wp-block-separator has-alpha-channel-opacity\"\/><p>Obrigado a voc\u00ea por fazer parte dessa aventura.<br\/><strong>O MultiConnect \u00e9 mais do que apenas um servi\u00e7o. \u00c9 uma porta de entrada.<\/strong><\/p>","protected":false},"excerpt":{"rendered":"<p>Sobre a MultiConnect Uma plataforma nascida de uma necessidade real e de uma vis\u00e3o humana. A MultiConnect \u00e9 um projeto independente lan\u00e7ado por um jovem empres\u00e1rio su\u00ed\u00e7o, filho dos fundadores da Money &amp; Com SA.Tendo crescido em um ambiente multicultural, entre a Su\u00ed\u00e7a e o Peru, ele percebeu muito cedo os desafios enfrentados por pessoas [&hellip;]<\/p>\n","protected":false},"author":1,"featured_media":0,"parent":0,"menu_order":0,"comment_status":"closed","ping_status":"closed","template":"","meta":{"footnotes":""},"class_list":["post-265","page","type-page","status-publish","hentry"],"_links":{"self":[{"href":"https:\/\/www.multiconnect.ch\/pt-br\/wp-json\/wp\/v2\/pages\/265","targetHints":{"allow":["GET"]}}],"collection":[{"href":"https:\/\/www.multiconnect.ch\/pt-br\/wp-json\/wp\/v2\/pages"}],"about":[{"href":"https:\/\/www.multiconnect.ch\/pt-br\/wp-json\/wp\/v2\/types\/page"}],"author":[{"embeddable":true,"href":"https:\/\/www.multiconnect.ch\/pt-br\/wp-json\/wp\/v2\/users\/1"}],"replies":[{"embeddable":true,"href":"https:\/\/www.multiconnect.ch\/pt-br\/wp-json\/wp\/v2\/comments?post=265"}],"version-history":[{"count":1,"href":"https:\/\/www.multiconnect.ch\/pt-br\/wp-json\/wp\/v2\/pages\/265\/revisions"}],"predecessor-version":[{"id":266,"href":"https:\/\/www.multiconnect.ch\/pt-br\/wp-json\/wp\/v2\/pages\/265\/revisions\/266"}],"wp:attachment":[{"href":"https:\/\/www.multiconnect.ch\/pt-br\/wp-json\/wp\/v2\/media?parent=265"}],"curies":[{"name":"wp","href":"https:\/\/api.w.org\/{rel}","templated":true}]}}