{"id":267,"date":"2025-03-25T21:02:13","date_gmt":"2025-03-25T21:02:13","guid":{"rendered":"https:\/\/www.multiconnect.ch\/termos-e-condicoes-gerais\/"},"modified":"2025-03-28T13:08:18","modified_gmt":"2025-03-28T13:08:18","slug":"termos-e-condicoes-gerais","status":"publish","type":"page","link":"https:\/\/www.multiconnect.ch\/pt-br\/termos-e-condicoes-gerais\/","title":{"rendered":"Termos e condi\u00e7\u00f5es gerais"},"content":{"rendered":"<p>Estes termos e condi\u00e7\u00f5es se aplicam a todos os servi\u00e7os e produtos oferecidos pela MultiConnect, uma empresa de propriedade exclusiva, por meio do site <a class=\"\" href=\"http:\/\/www.multiconnect.ch\">www.multiconnect.ch.<\/a><\/p><hr class=\"wp-block-separator has-alpha-channel-opacity\"\/><h3 class=\"wp-block-heading\">1. <strong>Identifica\u00e7\u00e3o da empresa<\/strong><\/h3><p><strong>MultiConnect &#8211; Anthony Pecorini<\/strong><br\/>Propriedade exclusiva<br\/>Chemin David Brolliet 13b<br\/>1213 Onex &#8211; Switzerland<br\/><a>contact@multiconnect.ch<\/a><\/p><hr class=\"wp-block-separator has-alpha-channel-opacity\"\/><h3 class=\"wp-block-heading\">2. <strong>Escopo de aplica\u00e7\u00e3o<\/strong><\/h3><p>Estes termos e condi\u00e7\u00f5es se aplicam a :<\/p><ul class=\"wp-block-list\"><li>Todos os pedidos feitos no site <a class=\"\" href=\"http:\/\/www.multiconnect.ch\">www.multiconnect.ch<\/a><\/li>\n\n<li>Todos os servi\u00e7os oferecidos (cria\u00e7\u00e3o de curr\u00edculos, tradu\u00e7\u00f5es, suporte administrativo, etc.)<\/li>\n\n<li>Todas as vendas de produtos por meio de nossa loja on-line (MultiConnect Market)<\/li><\/ul><hr class=\"wp-block-separator has-alpha-channel-opacity\"\/><h3 class=\"wp-block-heading\">3. <strong>Controles<\/strong><\/h3><p>Os pedidos podem ser feitos pelo nosso site. Depois que o pedido for validado e o pagamento efetuado, um e-mail de confirma\u00e7\u00e3o ser\u00e1 enviado automaticamente.<\/p><p>A MultiConnect se reserva o direito de recusar um pedido no caso de uma disputa ou falta de pagamento anterior.<\/p><hr class=\"wp-block-separator has-alpha-channel-opacity\"\/><h3 class=\"wp-block-heading\">4. <strong>Produtos &#8211; Mercado MultiConnect<\/strong><\/h3><p>Os produtos oferecidos em nossa loja on-line est\u00e3o dispon\u00edveis sujeitos a estoque e entrega.<br\/>Os pre\u00e7os s\u00e3o cotados em francos su\u00ed\u00e7os (CHF) e incluem todos os impostos aplic\u00e1veis, salvo indica\u00e7\u00e3o em contr\u00e1rio.<\/p><p>A MultiConnect se reserva o direito de alterar seus pre\u00e7os a qualquer momento.<\/p><hr class=\"wp-block-separator has-alpha-channel-opacity\"\/><h3 class=\"wp-block-heading\">5. <strong>Servi\u00e7os &#8211; MultiConnect<\/strong><\/h3><p>Os servi\u00e7os (curr\u00edculos, tradu\u00e7\u00f5es, assist\u00eancia) s\u00e3o executados de acordo com os prazos anunciados no momento do pedido.<br\/>Todo o conte\u00fado transmitido pelo cliente \u00e9 tratado como confidencial.<\/p><p>Alguns servi\u00e7os podem exigir que voc\u00ea entre em contato conosco diretamente (por e-mail ou em nossa filial) antes de serem executados.<\/p><hr class=\"wp-block-separator has-alpha-channel-opacity\"\/><h3 class=\"wp-block-heading\">6. <strong>Pagamento<\/strong><\/h3><p>Os pagamentos podem ser feitos :<\/p><ul class=\"wp-block-list\"><li>Online (cart\u00f5es, Apple Pay, etc.)<\/li>\n\n<li>Por transfer\u00eancia banc\u00e1ria<\/li>\n\n<li>Na ag\u00eancia (em dinheiro ou outro meio aceito)<\/li><\/ul><p>Os servi\u00e7os e produtos somente ser\u00e3o entregues\/executados ap\u00f3s a confirma\u00e7\u00e3o do pagamento.<\/p><hr class=\"wp-block-separator has-alpha-channel-opacity\"\/><h3 class=\"wp-block-heading\">7. <strong>Entrega e coleta<\/strong><\/h3><ul class=\"wp-block-list\"><li>Os produtos podem ser retirados em uma filial ou entregues em sua casa (somente na Su\u00ed\u00e7a).<\/li>\n\n<li>Os prazos de entrega s\u00e3o indicativos e podem variar de acordo com a disponibilidade do produto.<\/li>\n\n<li>Nenhum reembolso ser\u00e1 feito por atrasos causados pela transportadora ou por endere\u00e7o incorreto.<\/li><\/ul><hr class=\"wp-block-separator has-alpha-channel-opacity\"\/><h3 class=\"wp-block-heading\">8. <strong>Direito de retorno\/retra\u00e7\u00e3o<\/strong><\/h3><p>Produtos perec\u00edveis (alimentos) n\u00e3o podem ser devolvidos.<br\/>Outros produtos podem ser devolvidos em at\u00e9 7 dias ap\u00f3s o recebimento, desde que n\u00e3o tenham sido abertos, n\u00e3o tenham sido usados e estejam em sua embalagem original.<\/p><p>Os servi\u00e7os digitais (CV, tradu\u00e7\u00e3o, etc.) n\u00e3o s\u00e3o reembols\u00e1veis ap\u00f3s o in\u00edcio de sua execu\u00e7\u00e3o com a concord\u00e2ncia do cliente.<\/p><hr class=\"wp-block-separator has-alpha-channel-opacity\"\/><h3 class=\"wp-block-heading\">9. <strong>Responsabilidade<\/strong><\/h3><p>A MultiConnect n\u00e3o pode ser responsabilizada por danos indiretos resultantes do uso do site ou de seus servi\u00e7os.<br\/>O cliente \u00e9 respons\u00e1vel pelas informa\u00e7\u00f5es que transmite ao fazer um pedido.<\/p><hr class=\"wp-block-separator has-alpha-channel-opacity\"\/><h3 class=\"wp-block-heading\">10. <strong>Prote\u00e7\u00e3o de dados<\/strong><\/h3><p>Os dados pessoais s\u00e3o processados de acordo com nossa <strong>Pol\u00edtica de Privacidade<\/strong>.<\/p><hr class=\"wp-block-separator has-alpha-channel-opacity\"\/><h3 class=\"wp-block-heading\">11. <strong>Lei aplic\u00e1vel e local de jurisdi\u00e7\u00e3o<\/strong><\/h3><p>Estes termos e condi\u00e7\u00f5es s\u00e3o regidos pela legisla\u00e7\u00e3o su\u00ed\u00e7a.<br\/>Em caso de lit\u00edgio, o local de jurisdi\u00e7\u00e3o \u00e9 Genebra.<\/p><p>\u00daltima atualiza\u00e7\u00e3o: 25\/03\/2025<\/p>","protected":false},"excerpt":{"rendered":"<p>Estes termos e condi\u00e7\u00f5es se aplicam a todos os servi\u00e7os e produtos oferecidos pela MultiConnect, uma empresa de propriedade exclusiva, por meio do site www.multiconnect.ch. 1. Identifica\u00e7\u00e3o da empresa MultiConnect &#8211; Anthony PecoriniPropriedade exclusivaChemin David Brolliet 13b1213 Onex &#8211; Switzerlandcontact@multiconnect.ch 2. Escopo de aplica\u00e7\u00e3o Estes termos e condi\u00e7\u00f5es se aplicam a : 3. Controles Os [&hellip;]<\/p>\n","protected":false},"author":1,"featured_media":0,"parent":0,"menu_order":0,"comment_status":"closed","ping_status":"closed","template":"","meta":{"footnotes":""},"class_list":["post-267","page","type-page","status-publish","hentry"],"_links":{"self":[{"href":"https:\/\/www.multiconnect.ch\/pt-br\/wp-json\/wp\/v2\/pages\/267","targetHints":{"allow":["GET"]}}],"collection":[{"href":"https:\/\/www.multiconnect.ch\/pt-br\/wp-json\/wp\/v2\/pages"}],"about":[{"href":"https:\/\/www.multiconnect.ch\/pt-br\/wp-json\/wp\/v2\/types\/page"}],"author":[{"embeddable":true,"href":"https:\/\/www.multiconnect.ch\/pt-br\/wp-json\/wp\/v2\/users\/1"}],"replies":[{"embeddable":true,"href":"https:\/\/www.multiconnect.ch\/pt-br\/wp-json\/wp\/v2\/comments?post=267"}],"version-history":[{"count":1,"href":"https:\/\/www.multiconnect.ch\/pt-br\/wp-json\/wp\/v2\/pages\/267\/revisions"}],"predecessor-version":[{"id":268,"href":"https:\/\/www.multiconnect.ch\/pt-br\/wp-json\/wp\/v2\/pages\/267\/revisions\/268"}],"wp:attachment":[{"href":"https:\/\/www.multiconnect.ch\/pt-br\/wp-json\/wp\/v2\/media?parent=267"}],"curies":[{"name":"wp","href":"https:\/\/api.w.org\/{rel}","templated":true}]}}