{"id":269,"date":"2025-03-24T17:06:09","date_gmt":"2025-03-24T17:06:09","guid":{"rendered":"https:\/\/www.multiconnect.ch\/contato\/"},"modified":"2025-03-28T13:09:01","modified_gmt":"2025-03-28T13:09:01","slug":"contato","status":"publish","type":"page","link":"https:\/\/www.multiconnect.ch\/pt-br\/contato\/","title":{"rendered":"Contato"},"content":{"rendered":"<h2 class=\"wp-block-heading\">Entre em contato conosco<\/h2><p><strong>Voc\u00ea tem uma pergunta? Voc\u00ea tem uma necessidade espec\u00edfica? Estamos aqui para ajudar voc\u00ea.  <\/strong><\/p><hr class=\"wp-block-separator has-alpha-channel-opacity\"\/><h3 class=\"wp-block-heading\">\ud83d\udcde Telefone<\/h3><p><strong>076 585 97 90<\/strong><\/p><hr class=\"wp-block-separator has-alpha-channel-opacity\"\/><h3 class=\"wp-block-heading\">\ud83d\udce7 E-mail<\/h3><p><strong><a>contact@multiconnect.ch<\/a><\/strong><\/p><hr class=\"wp-block-separator has-alpha-channel-opacity\"\/><h3 class=\"wp-block-heading\">\ud83d\udd50 Hor\u00e1rio<\/h3><p>Segunda-feira a sexta-feira: 09.00 &#8211; 18.00<br\/>S\u00e1bado: 10.00 &#8211; 17.00<br\/>Domingo: fechado<\/p><hr class=\"wp-block-separator has-alpha-channel-opacity\"\/><h3 class=\"wp-block-heading\">\ud83d\udcec Formul\u00e1rio de contato on-line<\/h3><p><em>(em breve nesta p\u00e1gina &#8211; em constru\u00e7\u00e3o)<\/em><br\/>Enquanto isso, voc\u00ea pode nos escrever diretamente por e-mail.<\/p><hr class=\"wp-block-separator has-alpha-channel-opacity\"\/><h3 class=\"wp-block-heading\">\ud83c\udf10 Siga-nos<\/h3><p>Instagram \/ WhatsApp \/ Facebook <em>(links em breve)<\/em><\/p><hr class=\"wp-block-separator has-alpha-channel-opacity\"\/><p>Voc\u00ea pode entrar em contato<strong>conosco<\/strong> em <strong>ingl\u00eas, franc\u00eas, espanhol e portugu\u00eas<\/strong>.<br\/><strong>N\u00e3o hesite em nos escrever em seu pr\u00f3prio idioma!<\/strong><\/p><p><\/p>","protected":false},"excerpt":{"rendered":"<p>Entre em contato conosco Voc\u00ea tem uma pergunta? Voc\u00ea tem uma necessidade espec\u00edfica? Estamos aqui para ajudar voc\u00ea. \ud83d\udcde Telefone 076 585 97 90 \ud83d\udce7 E-mail contact@multiconnect.ch \ud83d\udd50 Hor\u00e1rio Segunda-feira a sexta-feira: 09.00 &#8211; 18.00S\u00e1bado: 10.00 &#8211; 17.00Domingo: fechado \ud83d\udcec Formul\u00e1rio de contato on-line (em breve nesta p\u00e1gina &#8211; em constru\u00e7\u00e3o)Enquanto isso, voc\u00ea pode nos [&hellip;]<\/p>\n","protected":false},"author":1,"featured_media":0,"parent":0,"menu_order":0,"comment_status":"closed","ping_status":"closed","template":"","meta":{"footnotes":""},"class_list":["post-269","page","type-page","status-publish","hentry"],"_links":{"self":[{"href":"https:\/\/www.multiconnect.ch\/pt-br\/wp-json\/wp\/v2\/pages\/269","targetHints":{"allow":["GET"]}}],"collection":[{"href":"https:\/\/www.multiconnect.ch\/pt-br\/wp-json\/wp\/v2\/pages"}],"about":[{"href":"https:\/\/www.multiconnect.ch\/pt-br\/wp-json\/wp\/v2\/types\/page"}],"author":[{"embeddable":true,"href":"https:\/\/www.multiconnect.ch\/pt-br\/wp-json\/wp\/v2\/users\/1"}],"replies":[{"embeddable":true,"href":"https:\/\/www.multiconnect.ch\/pt-br\/wp-json\/wp\/v2\/comments?post=269"}],"version-history":[{"count":1,"href":"https:\/\/www.multiconnect.ch\/pt-br\/wp-json\/wp\/v2\/pages\/269\/revisions"}],"predecessor-version":[{"id":270,"href":"https:\/\/www.multiconnect.ch\/pt-br\/wp-json\/wp\/v2\/pages\/269\/revisions\/270"}],"wp:attachment":[{"href":"https:\/\/www.multiconnect.ch\/pt-br\/wp-json\/wp\/v2\/media?parent=269"}],"curies":[{"name":"wp","href":"https:\/\/api.w.org\/{rel}","templated":true}]}}