{"id":271,"date":"2025-03-24T17:04:39","date_gmt":"2025-03-24T17:04:39","guid":{"rendered":"https:\/\/www.multiconnect.ch\/mercado\/"},"modified":"2025-03-28T13:09:43","modified_gmt":"2025-03-28T13:09:43","slug":"mercado","status":"publish","type":"page","link":"https:\/\/www.multiconnect.ch\/pt-br\/mercado\/","title":{"rendered":"Mercado"},"content":{"rendered":"<h2 class=\"wp-block-heading\">Mercado MultiConnect<\/h2><p><strong>A mercearia internacional para voc\u00ea.<\/strong><\/p><p>Nossa loja on-line permite que voc\u00ea encomende produtos aliment\u00edcios do seu pa\u00eds de origem.<br\/>Selecionamos produtos secos, conservas, lanches e especialidades t\u00edpicas que n\u00e3o s\u00e3o facilmente encontradas na Su\u00ed\u00e7a.<\/p><p><a href=\"\/boutique\" class=\"bouton-multiconnect\">MultiConnect Market<\/a><\/p>\n<style>.bouton-multiconnect {\n  display: inline-block;\n  margin-top: 10px;\n  padding: 12px 24px;\n  background-color: #4CAF50;\n  color: white;\n  text-decoration: none;\n  border-radius: 5px;\n  font-weight: bold;\n  transition: background-color 0.3s ease;\n}\n.bouton-multiconnect:hover {\n  background-color: #3e8e41;\n}\n<\/style><hr class=\"wp-block-separator has-alpha-channel-opacity\"\/><h3 class=\"wp-block-heading\">\ud83c\udf0e Produtos em oferta (sujeito a disponibilidade)<\/h3><ul class=\"wp-block-list\"><li>Arroz e macarr\u00e3o asi\u00e1ticos<\/li>\n\n<li>Condimentos peruanos, colombianos e brasileiros&#8230;<\/li>\n\n<li>Conservas africanas (peixes, temperos, molhos)<\/li>\n\n<li>Lanches t\u00edpicos: banana-da-terra, mandioca, biscoitos, doces<\/li>\n\n<li>Molhos picantes, leite condensado, caf\u00e9, ch\u00e1, cereais mundiais<\/li><\/ul><hr class=\"wp-block-separator has-alpha-channel-opacity\"\/><h3 class=\"wp-block-heading\">\ud83d\ude9a Entrega e coleta<\/h3><ul class=\"wp-block-list\"><li>Entrega poss\u00edvel em toda a Su\u00ed\u00e7a<\/li>\n\n<li>Coleta gratuita nas filiais parceiras<\/li>\n\n<li>Taxas de entrega exibidas no checkout<\/li>\n\n<li>Pagamento seguro on-line ou no local<\/li><\/ul><hr class=\"wp-block-separator has-alpha-channel-opacity\"\/><h3 class=\"wp-block-heading\">\ud83d\udca1 Voc\u00ea precisa de um produto espec\u00edfico?<\/h3><p>Voc\u00ea pode nos enviar uma <strong>solicita\u00e7\u00e3o especial<\/strong> por meio da p\u00e1gina Contato.<br\/>Faremos o poss\u00edvel para fornec\u00ea-la a voc\u00ea quando chegar.<\/p><hr class=\"wp-block-separator has-alpha-channel-opacity\"\/><p><strong>O MultiConnect Market<\/strong> \u00e9 um gostinho de casa, entregue na porta de sua casa.<\/p><p><\/p>","protected":false},"excerpt":{"rendered":"<p>Mercado MultiConnect A mercearia internacional para voc\u00ea. Nossa loja on-line permite que voc\u00ea encomende produtos aliment\u00edcios do seu pa\u00eds de origem.Selecionamos produtos secos, conservas, lanches e especialidades t\u00edpicas que n\u00e3o s\u00e3o facilmente encontradas na Su\u00ed\u00e7a. MultiConnect Market \ud83c\udf0e Produtos em oferta (sujeito a disponibilidade) \ud83d\ude9a Entrega e coleta \ud83d\udca1 Voc\u00ea precisa de um produto espec\u00edfico? [&hellip;]<\/p>\n","protected":false},"author":1,"featured_media":0,"parent":0,"menu_order":0,"comment_status":"closed","ping_status":"closed","template":"","meta":{"footnotes":""},"class_list":["post-271","page","type-page","status-publish","hentry"],"_links":{"self":[{"href":"https:\/\/www.multiconnect.ch\/pt-br\/wp-json\/wp\/v2\/pages\/271","targetHints":{"allow":["GET"]}}],"collection":[{"href":"https:\/\/www.multiconnect.ch\/pt-br\/wp-json\/wp\/v2\/pages"}],"about":[{"href":"https:\/\/www.multiconnect.ch\/pt-br\/wp-json\/wp\/v2\/types\/page"}],"author":[{"embeddable":true,"href":"https:\/\/www.multiconnect.ch\/pt-br\/wp-json\/wp\/v2\/users\/1"}],"replies":[{"embeddable":true,"href":"https:\/\/www.multiconnect.ch\/pt-br\/wp-json\/wp\/v2\/comments?post=271"}],"version-history":[{"count":1,"href":"https:\/\/www.multiconnect.ch\/pt-br\/wp-json\/wp\/v2\/pages\/271\/revisions"}],"predecessor-version":[{"id":272,"href":"https:\/\/www.multiconnect.ch\/pt-br\/wp-json\/wp\/v2\/pages\/271\/revisions\/272"}],"wp:attachment":[{"href":"https:\/\/www.multiconnect.ch\/pt-br\/wp-json\/wp\/v2\/media?parent=271"}],"curies":[{"name":"wp","href":"https:\/\/api.w.org\/{rel}","templated":true}]}}