{"id":273,"date":"2025-03-25T18:50:58","date_gmt":"2025-03-25T18:50:58","guid":{"rendered":"https:\/\/www.multiconnect.ch\/informacoes-legais\/"},"modified":"2025-03-28T13:11:16","modified_gmt":"2025-03-28T13:11:16","slug":"informacoes-legais","status":"publish","type":"page","link":"https:\/\/www.multiconnect.ch\/pt-br\/informacoes-legais\/","title":{"rendered":"Informa\u00e7\u00f5es legais"},"content":{"rendered":"<h3 class=\"wp-block-heading\"><strong>Editor do site<\/strong><\/h3><p>Este site \u00e9 publicado por:<br\/><strong>MultiConnect<\/strong><br\/>Propriedade exclusiva<br\/>Chemin David Brolliet 13b<br\/>1213 Onex, Su\u00ed\u00e7a<br\/>E-mail: <a class=\"\">contact@multiconnect.ch<\/a><\/p><hr class=\"wp-block-separator has-alpha-channel-opacity\"\/><h3 class=\"wp-block-heading\"><strong>Pessoa respons\u00e1vel pela publica\u00e7\u00e3o<\/strong><\/h3><p>Anthony Pecorini, em sua capacidade de representante legal da empresa individual.<\/p><hr class=\"wp-block-separator has-alpha-channel-opacity\"\/><h3 class=\"wp-block-heading\"><strong>Hospedagem<\/strong><\/h3><p>O site \u00e9 hospedado por:<br\/><strong>Infomaniak Network SA<\/strong><br\/>Avenue de la Praille 26<br\/>1227 Carouge &#8211; Switzerland<br\/><a class=\"\" href=\"http:\/\/www.infomaniak.com\">www.infomaniak.com<\/a><\/p><hr class=\"wp-block-separator has-alpha-channel-opacity\"\/><h3 class=\"wp-block-heading\"><strong>Propriedade intelectual<\/strong><\/h3><p>Todo o conte\u00fado do site (texto, imagens, logotipos, gr\u00e1ficos, etc.) \u00e9 de propriedade exclusiva da MultiConnect ou de seus parceiros, salvo indica\u00e7\u00e3o em contr\u00e1rio.<br\/>\u00c9 proibida qualquer reprodu\u00e7\u00e3o ou uso n\u00e3o autorizado.<\/p><hr class=\"wp-block-separator has-alpha-channel-opacity\"\/><h3 class=\"wp-block-heading\"><strong>Prote\u00e7\u00e3o de dados<\/strong><\/h3><p>Os dados pessoais coletados por meio deste site s\u00e3o processados de acordo com nossa <strong>Pol\u00edtica de Privacidade<\/strong>.<\/p><hr class=\"wp-block-separator has-alpha-channel-opacity\"\/><h3 class=\"wp-block-heading\"><strong>Responsabilidade<\/strong><\/h3><p>A MultiConnect faz todos os esfor\u00e7os para garantir a precis\u00e3o das informa\u00e7\u00f5es publicadas no site, mas n\u00e3o pode ser responsabilizada por quaisquer erros, omiss\u00f5es ou indisponibilidade.<\/p>","protected":false},"excerpt":{"rendered":"<p>Editor do site Este site \u00e9 publicado por:MultiConnectPropriedade exclusivaChemin David Brolliet 13b1213 Onex, Su\u00ed\u00e7aE-mail: contact@multiconnect.ch Pessoa respons\u00e1vel pela publica\u00e7\u00e3o Anthony Pecorini, em sua capacidade de representante legal da empresa individual. Hospedagem O site \u00e9 hospedado por:Infomaniak Network SAAvenue de la Praille 261227 Carouge &#8211; Switzerlandwww.infomaniak.com Propriedade intelectual Todo o conte\u00fado do site (texto, imagens, logotipos, [&hellip;]<\/p>\n","protected":false},"author":1,"featured_media":0,"parent":0,"menu_order":0,"comment_status":"closed","ping_status":"closed","template":"","meta":{"footnotes":""},"class_list":["post-273","page","type-page","status-publish","hentry"],"_links":{"self":[{"href":"https:\/\/www.multiconnect.ch\/pt-br\/wp-json\/wp\/v2\/pages\/273","targetHints":{"allow":["GET"]}}],"collection":[{"href":"https:\/\/www.multiconnect.ch\/pt-br\/wp-json\/wp\/v2\/pages"}],"about":[{"href":"https:\/\/www.multiconnect.ch\/pt-br\/wp-json\/wp\/v2\/types\/page"}],"author":[{"embeddable":true,"href":"https:\/\/www.multiconnect.ch\/pt-br\/wp-json\/wp\/v2\/users\/1"}],"replies":[{"embeddable":true,"href":"https:\/\/www.multiconnect.ch\/pt-br\/wp-json\/wp\/v2\/comments?post=273"}],"version-history":[{"count":1,"href":"https:\/\/www.multiconnect.ch\/pt-br\/wp-json\/wp\/v2\/pages\/273\/revisions"}],"predecessor-version":[{"id":274,"href":"https:\/\/www.multiconnect.ch\/pt-br\/wp-json\/wp\/v2\/pages\/273\/revisions\/274"}],"wp:attachment":[{"href":"https:\/\/www.multiconnect.ch\/pt-br\/wp-json\/wp\/v2\/media?parent=273"}],"curies":[{"name":"wp","href":"https:\/\/api.w.org\/{rel}","templated":true}]}}