{"id":285,"date":"2025-03-24T17:05:19","date_gmt":"2025-03-24T17:05:19","guid":{"rendered":"https:\/\/www.multiconnect.ch\/precos\/"},"modified":"2025-03-28T13:16:20","modified_gmt":"2025-03-28T13:16:20","slug":"precos","status":"publish","type":"page","link":"https:\/\/www.multiconnect.ch\/pt-br\/precos\/","title":{"rendered":"Pre\u00e7os"},"content":{"rendered":"<h2 class=\"wp-block-heading\">Nossos pre\u00e7os<\/h2><p><strong>Pre\u00e7os claros e acess\u00edveis, adaptados \u00e0s suas necessidades.<\/strong><br\/>Na MultiConnect, a transpar\u00eancia \u00e9 uma prioridade.<\/p><hr class=\"wp-block-separator has-alpha-channel-opacity\"\/><h3 class=\"wp-block-heading\">\u270d\ufe0f Curr\u00edculo e emprego<\/h3><ul class=\"wp-block-list\"><li>Cria\u00e7\u00e3o de CV: <strong>CHF 25,00<\/strong><\/li>\n\n<li>Corre\u00e7\u00e3o de CV: <strong>CHF 15,00<\/strong><\/li>\n\n<li>Tradu\u00e7\u00e3o do CV: <strong>CHF 20,00<\/strong><\/li>\n\n<li>Carta de apresenta\u00e7\u00e3o: <strong>CHF 15,00<\/strong><\/li>\n\n<li>Pacote de CV + carta: <strong>CHF 35,00<\/strong><\/li><\/ul><hr class=\"wp-block-separator has-alpha-channel-opacity\"\/><h3 class=\"wp-block-heading\">\ud83c\udf0d Tradu\u00e7\u00f5es<\/h3><ul class=\"wp-block-list\"><li>Documento administrativo simples (1 p\u00e1gina) : <strong>CHF 20.00<\/strong><\/li>\n\n<li>Documentos mais complexos ou extensos: <strong>por cita\u00e7\u00e3o<\/strong><\/li>\n\n<li>Tradu\u00e7\u00e3o expressa (24h): <strong>+ CHF 10.-<\/strong><\/li><\/ul><hr class=\"wp-block-separator has-alpha-channel-opacity\"\/><h3 class=\"wp-block-heading\">\ud83c\udfe0 Ajuda com os procedimentos<\/h3><ul class=\"wp-block-list\"><li>Acompanhante para seguro ou ingresso de temporada: <strong>CHF 10,00<\/strong><\/li>\n\n<li>Aconselhamento sobre moradia (busca e aconselhamento) : <strong>CHF 20.00<\/strong><\/li>\n\n<li>Ajuda na cria\u00e7\u00e3o de um curr\u00edculo para candidaturas ao HLM: <strong>CHF 15,00<\/strong><\/li><\/ul><hr class=\"wp-block-separator has-alpha-channel-opacity\"\/><h3 class=\"wp-block-heading\">\u2696\ufe0f Tribut\u00e1rio e jur\u00eddico (por meio de parceiros)<\/h3><ul class=\"wp-block-list\"><li>Orienta\u00e7\u00e3o gratuita<\/li>\n\n<li>Cota\u00e7\u00e3o personalizada com base em suas necessidades<\/li>\n\n<li>Pagamento somente ap\u00f3s a aceita\u00e7\u00e3o da cota\u00e7\u00e3o<\/li><\/ul><hr class=\"wp-block-separator has-alpha-channel-opacity\"\/><h3 class=\"wp-block-heading\">\ud83d\uded2 Mercearia internacional<\/h3><p>Os pre\u00e7os dos produtos variam de acordo com a disponibilidade.<br\/>Consulte nossa loja on-line ou entre em contato conosco para uma solicita\u00e7\u00e3o espec\u00edfica.<\/p><hr class=\"wp-block-separator has-alpha-channel-opacity\"\/><p><strong>Voc\u00ea pode solicitar um servi\u00e7o on-line ou ir diretamente \u00e0 ag\u00eancia.<\/strong><br\/>\u2192 Pagamento seguro por cart\u00e3o ou dinheiro.<\/p>","protected":false},"excerpt":{"rendered":"<p>Nossos pre\u00e7os Pre\u00e7os claros e acess\u00edveis, adaptados \u00e0s suas necessidades.Na MultiConnect, a transpar\u00eancia \u00e9 uma prioridade. \u270d\ufe0f Curr\u00edculo e emprego \ud83c\udf0d Tradu\u00e7\u00f5es \ud83c\udfe0 Ajuda com os procedimentos \u2696\ufe0f Tribut\u00e1rio e jur\u00eddico (por meio de parceiros) \ud83d\uded2 Mercearia internacional Os pre\u00e7os dos produtos variam de acordo com a disponibilidade.Consulte nossa loja on-line ou entre em contato [&hellip;]<\/p>\n","protected":false},"author":1,"featured_media":0,"parent":0,"menu_order":0,"comment_status":"closed","ping_status":"closed","template":"","meta":{"footnotes":""},"class_list":["post-285","page","type-page","status-publish","hentry"],"_links":{"self":[{"href":"https:\/\/www.multiconnect.ch\/pt-br\/wp-json\/wp\/v2\/pages\/285","targetHints":{"allow":["GET"]}}],"collection":[{"href":"https:\/\/www.multiconnect.ch\/pt-br\/wp-json\/wp\/v2\/pages"}],"about":[{"href":"https:\/\/www.multiconnect.ch\/pt-br\/wp-json\/wp\/v2\/types\/page"}],"author":[{"embeddable":true,"href":"https:\/\/www.multiconnect.ch\/pt-br\/wp-json\/wp\/v2\/users\/1"}],"replies":[{"embeddable":true,"href":"https:\/\/www.multiconnect.ch\/pt-br\/wp-json\/wp\/v2\/comments?post=285"}],"version-history":[{"count":1,"href":"https:\/\/www.multiconnect.ch\/pt-br\/wp-json\/wp\/v2\/pages\/285\/revisions"}],"predecessor-version":[{"id":286,"href":"https:\/\/www.multiconnect.ch\/pt-br\/wp-json\/wp\/v2\/pages\/285\/revisions\/286"}],"wp:attachment":[{"href":"https:\/\/www.multiconnect.ch\/pt-br\/wp-json\/wp\/v2\/media?parent=285"}],"curies":[{"name":"wp","href":"https:\/\/api.w.org\/{rel}","templated":true}]}}