{"id":287,"date":"2025-03-24T17:03:24","date_gmt":"2025-03-24T17:03:24","guid":{"rendered":"https:\/\/www.multiconnect.ch\/servicos\/"},"modified":"2025-03-28T13:16:57","modified_gmt":"2025-03-28T13:16:57","slug":"servicos","status":"publish","type":"page","link":"https:\/\/www.multiconnect.ch\/pt-br\/servicos\/","title":{"rendered":"Servi\u00e7os"},"content":{"rendered":"<h2 class=\"wp-block-heading\">Nossos servi\u00e7os<\/h2><p><strong>A MultiConnect pode ajudar voc\u00ea em todas as suas necessidades pessoais e profissionais.<\/strong><\/p><p>Nosso objetivo \u00e9 simples: tornar sua vida mais f\u00e1cil.<br\/>Veja o que temos a oferecer:<\/p><a href=\"https:\/\/www.multiconnect.ch\/formulaire-de-service\/\" class=\"btn-formulaire\">Formulaire de contact<\/a><style>.btn-formulaire {\n  display: inline-block;\n  padding: 12px 24px;\n  background-color: #ff5c5c;\n  color: white;\n  text-decoration: none;\n  border-radius: 5px;\n  font-weight: bold;\n  transition: background-color 0.3s ease;\n}\n.btn-formulaire:hover {\n  background-color: #e64545;\n}\n<\/style><hr class=\"wp-block-separator has-alpha-channel-opacity\"\/><h3 class=\"wp-block-heading\">\u270d\ufe0f CVs, empregos e orienta\u00e7\u00e3o profissional<\/h3><ul class=\"wp-block-list\"><li>Cria\u00e7\u00e3o de curr\u00edculos personalizados<\/li>\n\n<li>Corre\u00e7\u00e3o ou moderniza\u00e7\u00e3o de curr\u00edculos existentes<\/li>\n\n<li>Tradu\u00e7\u00e3o de curr\u00edculo (franc\u00eas \/ ingl\u00eas \/ espanhol \/ portugu\u00eas)<\/li>\n\n<li>Ajuda para escrever cartas de apresenta\u00e7\u00e3o<\/li>\n\n<li>Prepara\u00e7\u00e3o para entrevistas de emprego<\/li><\/ul><hr class=\"wp-block-separator has-alpha-channel-opacity\"\/><h3 class=\"wp-block-heading\">\ud83c\udf0d Tradu\u00e7\u00f5es administrativas<\/h3><ul class=\"wp-block-list\"><li>Certificados e atestados<\/li>\n\n<li>Correspond\u00eancia com institui\u00e7\u00f5es su\u00ed\u00e7as<\/li>\n\n<li>Documentos pessoais ou comerciais<\/li><\/ul><hr class=\"wp-block-separator has-alpha-channel-opacity\"\/><h3 class=\"wp-block-heading\">\ud83c\udfe0 Ajuda com os procedimentos<\/h3><ul class=\"wp-block-list\"><li>Informa\u00e7\u00f5es sobre como encontrar acomoda\u00e7\u00e3o<\/li>\n\n<li>Suporte com formalidades administrativas (seguro de sa\u00fade, permiss\u00f5es, etc.)<\/li>\n\n<li>Orienta\u00e7\u00e3o sobre abertura de contas banc\u00e1rias, assinaturas telef\u00f4nicas, etc.<\/li><\/ul><hr class=\"wp-block-separator has-alpha-channel-opacity\"\/><h3 class=\"wp-block-heading\">\u2696\ufe0f Tribut\u00e1rio e jur\u00eddico <em>(em colabora\u00e7\u00e3o com nossos parceiros)<\/em><\/h3><ul class=\"wp-block-list\"><li>Ajuda na compreens\u00e3o das declara\u00e7\u00f5es de impostos<\/li>\n\n<li>Indica\u00e7\u00e3o de profissionais para suas necessidades jur\u00eddicas<\/li>\n\n<li>Suporte b\u00e1sico para a cria\u00e7\u00e3o de uma empresa (auto-empreendedor, S\u00e0rl, etc.)<\/li><\/ul><hr class=\"wp-block-separator has-alpha-channel-opacity\"\/><h3 class=\"wp-block-heading\">\ud83d\udccc Como isso funciona?<\/h3><ol class=\"wp-block-list\"><li>Voc\u00ea pode levar seus documentos a uma ag\u00eancia parceira<\/li>\n\n<li>Ou envie-os para n\u00f3s on-line por meio de nosso<\/li>\n\n<li>Voc\u00ea receber\u00e1 uma cota\u00e7\u00e3o com base no servi\u00e7o que escolheu<\/li>\n\n<li>Pagamento simples e seguro (no local ou on-line)<\/li><\/ol><hr class=\"wp-block-separator has-alpha-channel-opacity\"\/><p>Voc\u00ea tem uma solicita\u00e7\u00e3o espec\u00edfica? Entre em contato conosco e analisaremos de perto as suas necessidades.<\/p><p><\/p>","protected":false},"excerpt":{"rendered":"<p>Nossos servi\u00e7os A MultiConnect pode ajudar voc\u00ea em todas as suas necessidades pessoais e profissionais. Nosso objetivo \u00e9 simples: tornar sua vida mais f\u00e1cil.Veja o que temos a oferecer: Formulaire de contact \u270d\ufe0f CVs, empregos e orienta\u00e7\u00e3o profissional \ud83c\udf0d Tradu\u00e7\u00f5es administrativas \ud83c\udfe0 Ajuda com os procedimentos \u2696\ufe0f Tribut\u00e1rio e jur\u00eddico (em colabora\u00e7\u00e3o com nossos parceiros) [&hellip;]<\/p>\n","protected":false},"author":1,"featured_media":0,"parent":0,"menu_order":0,"comment_status":"closed","ping_status":"closed","template":"","meta":{"footnotes":""},"class_list":["post-287","page","type-page","status-publish","hentry"],"_links":{"self":[{"href":"https:\/\/www.multiconnect.ch\/pt-br\/wp-json\/wp\/v2\/pages\/287","targetHints":{"allow":["GET"]}}],"collection":[{"href":"https:\/\/www.multiconnect.ch\/pt-br\/wp-json\/wp\/v2\/pages"}],"about":[{"href":"https:\/\/www.multiconnect.ch\/pt-br\/wp-json\/wp\/v2\/types\/page"}],"author":[{"embeddable":true,"href":"https:\/\/www.multiconnect.ch\/pt-br\/wp-json\/wp\/v2\/users\/1"}],"replies":[{"embeddable":true,"href":"https:\/\/www.multiconnect.ch\/pt-br\/wp-json\/wp\/v2\/comments?post=287"}],"version-history":[{"count":1,"href":"https:\/\/www.multiconnect.ch\/pt-br\/wp-json\/wp\/v2\/pages\/287\/revisions"}],"predecessor-version":[{"id":288,"href":"https:\/\/www.multiconnect.ch\/pt-br\/wp-json\/wp\/v2\/pages\/287\/revisions\/288"}],"wp:attachment":[{"href":"https:\/\/www.multiconnect.ch\/pt-br\/wp-json\/wp\/v2\/media?parent=287"}],"curies":[{"name":"wp","href":"https:\/\/api.w.org\/{rel}","templated":true}]}}